{"id":19832,"date":"2014-05-24T13:54:01","date_gmt":"2014-05-24T12:54:01","guid":{"rendered":"https:\/\/restay.me\/pravila-o-privatnosti\/"},"modified":"2023-11-15T22:06:33","modified_gmt":"2023-11-15T21:06:33","slug":"privacy-policy-sr","status":"publish","type":"page","link":"https:\/\/restay.me\/sr\/privacy-policy-sr\/","title":{"rendered":"Pravila o Privatnosti"},"content":{"rendered":"<p>Ova Politika privatnosti reguli\u0161e na\u010din na <a href=\"https:\/\/restay.me\/sr\/\">https:\/\/restay.me\/<\/a> prikuplja, koristi, odr\u017eava i otkriva informacije prikupljene od korisnika (svaki, &#8220;Korisnik&#8221;) veb stranice (&#8220;Sajt&#8221;). Ova politika privatnosti se odnosi na Sajt i sve proizvode i usluge koje nudi reSTAY.me.<\/p>\n<p><b>Li\u010dne identifikacione informacije<\/b><\/p>\n<p>Mo\u017eemo da prikupljamo li\u010dne identifikacione podatke korisnika na razli\u010dite na\u010dine u vezi sa aktivnostima, uslugama, funkcijama ili resursima koji se stavljaju na raspolaganje na na\u0161em Sajtu. Korisnici mogu anonimno da posete na\u0161 Sajt. Prikupljamo li\u010dne identifikacione podatke od Korisnika samo ako nam takve informacije dobrovoljno dostavljaju. Korisnici uvek mogu odlu\u010diti da daju li\u010dne identifikacione podatke, osim \u0161to ih to mo\u017ee spre\u010diti da se anga\u017euju u odre\u0111enim aktivnostima vezama za Sajt.<\/p>\n<p><b>Neli\u010dne identifikacione informacije<\/b><\/p>\n<p>Mo\u017eemo prikupiti neli\u010dne identifikacione informacije o Korisnicima kada god oni stupaju u interakciju sa na\u0161im Sajtom. Neli\u010dne identifikacione informacije mogu uklju\u010diti naziv pretra\u017eiva\u010da, tip ra\u010dunara i tehni\u010dke informacije o na\u010dinima povezivanja Korisnika sa na\u0161im Sajtom, kao \u0161to su operativni sistem i kori\u0161c\u0301eni istra\u017eiva\u010dke Internet usluge i druge informacije.<\/p>\n<p><b>Kola\u010dic\u0301i veb pretra\u017eiva\u010da<\/b><\/p>\n<p>Na\u0161 sajt mo\u017ee da koristi &#8220;kola\u010dic\u0301e&#8221; da pobolj\u0161a Korisni\u010dko iskustvo. Korisni\u010dki veb pretra\u017eiva\u010d postavlja kola\u010dic\u0301e na njihov \u010dvrsti disk za potrebe \u010duvanja podataka, a ponekad i za prac\u0301enje informacija o njima. Korisnik mo\u017ee izabrati da podesi svoj veb pretra\u017eiva\u010d da odbije kola\u010dic\u0301 ili da vas upozori kada se kola\u010dic\u0301i \u0161alju. Ako to uradite, imajte na umu da neki delovi Sajta mo\u017eda nec\u0301e pravilno funkcionisati.<\/p>\n<p><b>Kako \u0161titimo va\u0161e podatke<\/b><\/p>\n<p>Mi usvajamo odgovarajuc\u0301e prakse prikupljanja, skladi\u0161tenja i obrade podataka i bezbednosne mere da bismo za\u0161titili od neovla\u0161c\u0301enog pristupa, izmene, otkrivanja ili uni\u0161tenja va\u0161ih li\u010dnih podataka, korisni\u010dkog imena, lozinke, informacija o transakcijama i podataka koji se \u010duvaju na na\u0161em Sajtu.<\/p>\n<p><b>Deljenje va\u0161ih li\u010dnih podataka<\/b><\/p>\n<p>Mi ne prodajemo, ne trgujemo niti iznajmljujemo li\u010dne identifikacione podatke Korisnika drugima. Mo\u017eemo da delimo generi\u010dke agregirane demografske informacije koje nisu povezane ni sa kakvim li\u010dnim identifikacionim podacima u vezi sa posetiocima i korisnicima sa na\u0161im poslovnim partnerima, pouzdanim filijalama i ogla\u0161iva\u010dima u gore navedene svrhe.<\/p>\n<p><b>Promene ove politike privatnosti<\/b><\/p>\n<p>reSTAY.me ima diskreciono pravo da a\u017eurira ovu politiku privatnosti u bilo kom trenutku. Kada to uradimo, revidirac\u0301emo a\u017eurirani datum na dnu ove stranice. Podsti\u010demo Korisnike da \u010desto proveravaju ovu stranicu za bilo kakve promene kako bi bili informisani o tome kako poma\u017eemo u za\u0161titi li\u010dnih podataka koje prikupljamo. Potvr\u0111ujete i sla\u017eete se da je va\u0161a odgovornost da periodi\u010dno pregledate ovu politiku privatnosti i budete svesni izmena.<\/p>\n<p><b>Va\u0161e prihvatanje ovih uslova<\/b><\/p>\n<p>Kori\u0161c\u0301enjem ovog Sajta, potvr\u0111ujete da prihvatate ovu politiku. Ako se ne sla\u017eete sa ovom politikom, molimo vas da ne koristite na\u0161 Sajt. Va\u0161e dalje kori\u0161c\u0301enje Sajta nakon objavljivanja izmena ove politike smatrac\u0301e se da prihvatate te promene.<\/p>\n<p><b>Kako korisnici mogu da zahtevaju brisanje podataka?<\/b><\/p>\n<p>\u041c\u043e\u0436\u0435\u0442\u0435 \u0434\u0430 \u043f\u043e\u0448\u0430\u0459\u0435\u0442\u0435 \u0437\u0430\u0445\u0442\u0435\u0432 \u043d\u0430 \u043d\u0430\u0448\u0443 \u0435-\u043f\u043e\u0448\u0442\u0443 hi@restay.me \u043a\u0430\u043a\u043e \u0431\u0438\u0441\u043c\u043e \u0438\u0437\u0431\u0440\u0438\u0441\u0430\u043b\u0438 \u0432\u0430\u0448\u0435 \u043b\u0438\u0447\u043d\u0435 \u043f\u043e\u0434\u0430\u0442\u043a\u0435.<\/p>\n","protected":false},"excerpt":{"rendered":"<p>Ova Politika privatnosti reguli\u0161e na\u010din na https:\/\/restay.me\/ prikuplja, koristi, odr\u017eava i otkriva informacije prikupljene od korisnika (svaki, &#8220;Korisnik&#8221;) veb stranice (&#8220;Sajt&#8221;). Ova politika privatnosti se odnosi na Sajt i sve proizvode i usluge koje nudi reSTAY.me. Li\u010dne identifikacione informacije Mo\u017eemo da prikupljamo li\u010dne identifikacione podatke korisnika na razli\u010dite na\u010dine u vezi sa aktivnostima, uslugama, funkcijama ili resursima koji se stavljaju na raspolaganje na na\u0161em &#8230;<\/p>\n","protected":false},"author":13,"featured_media":0,"parent":0,"menu_order":0,"comment_status":"closed","ping_status":"closed","template":"","meta":{"inline_featured_image":false,"footnotes":""},"_links":{"self":[{"href":"https:\/\/restay.me\/sr\/wp-json\/wp\/v2\/pages\/19832"}],"collection":[{"href":"https:\/\/restay.me\/sr\/wp-json\/wp\/v2\/pages"}],"about":[{"href":"https:\/\/restay.me\/sr\/wp-json\/wp\/v2\/types\/page"}],"author":[{"embeddable":true,"href":"https:\/\/restay.me\/sr\/wp-json\/wp\/v2\/users\/13"}],"replies":[{"embeddable":true,"href":"https:\/\/restay.me\/sr\/wp-json\/wp\/v2\/comments?post=19832"}],"version-history":[{"count":3,"href":"https:\/\/restay.me\/sr\/wp-json\/wp\/v2\/pages\/19832\/revisions"}],"predecessor-version":[{"id":22614,"href":"https:\/\/restay.me\/sr\/wp-json\/wp\/v2\/pages\/19832\/revisions\/22614"}],"wp:attachment":[{"href":"https:\/\/restay.me\/sr\/wp-json\/wp\/v2\/media?parent=19832"}],"curies":[{"name":"wp","href":"https:\/\/api.w.org\/{rel}","templated":true}]}}